{"id":99,"date":"2026-03-26T13:49:03","date_gmt":"2026-03-26T13:49:03","guid":{"rendered":"https:\/\/studio-bonheur.fr\/?page_id=99"},"modified":"2026-04-01T09:06:39","modified_gmt":"2026-04-01T09:06:39","slug":"mes-services","status":"publish","type":"page","link":"https:\/\/studio-bonheur.fr\/?page_id=99","title":{"rendered":"Coaching Entrepreneuse"},"content":{"rendered":"\n<div style=\"height:54px\" aria-hidden=\"true\" class=\"wp-block-spacer\"><\/div>\n\n\n\n<h3 class=\"wp-block-heading has-text-align-center\">Coaching Entrepreneuse<\/h3>\n\n\n\n<p class=\"is-style-default has-custom-color-1-color has-text-color has-link-color has-medium-font-size wp-elements-68aa71cfc3f10963b66ea6906da7a1f7\" style=\"margin-top:var(--wp--preset--spacing--50);margin-bottom:var(--wp--preset--spacing--50)\">Tu sais que tu as quelque chose \u00e0 proposer, mais&#8230;.tu n&rsquo;arrives pas \u00e0 le formuler clairement !<\/p>\n\n\n\n<p class=\"is-style-default has-custom-color-1-color has-text-color has-link-color has-medium-font-size wp-elements-00b7a5f7ec1464fe5de8ba392a5ce55f\" style=\"margin-top:var(--wp--preset--spacing--50);margin-bottom:var(--wp--preset--spacing--50)\">Tu sens que tu tournes en rond. Tu te disperses. On pose tout \u00e7a \u00e0 plat ensemble !<\/p>\n\n\n\n<p class=\"has-custom-color-3-color has-text-color has-link-color has-medium-font-size wp-elements-998538f60facbed28ac417c5a88caec5\"><em><strong>Vision \u00b7 Cible \u00b7 Positionnement \u00b7 Message<\/strong><\/em><\/p>\n\n\n\n<div class=\"wp-block-columns is-layout-flex wp-container-core-columns-is-layout-e0fb3f8c wp-block-columns-is-layout-flex\" style=\"margin-top:var(--wp--preset--spacing--50);margin-bottom:var(--wp--preset--spacing--50)\">\n<div class=\"wp-block-column is-layout-flow wp-block-column-is-layout-flow\" style=\"flex-basis:400px\">\n<div class=\"wp-block-group is-vertical is-layout-flex wp-container-core-group-is-layout-fe9cc265 wp-block-group-is-layout-flex\">\n<h4 class=\"wp-block-heading\"><strong>S\u00e9ance D\u00e9couverte &#8211; 130\u20ac<\/strong><\/h4>\n\n\n\n<p class=\"is-style-text-annotation is-style-text-annotation--1\">1h pour d\u00e9bloquer un point pr\u00e9cis ou tester la d\u00e9marche. En ligne ou en pr\u00e9sentiel en Vend\u00e9e.<\/p>\n<\/div>\n<\/div>\n\n\n\n<div class=\"wp-block-column is-layout-flow wp-block-column-is-layout-flow\">\n<figure class=\"wp-block-image size-large is-resized\"><img loading=\"lazy\" decoding=\"async\" width=\"1024\" height=\"766\" src=\"http:\/\/studio-bonheur.fr\/wp-content\/uploads\/2026\/03\/IMG_8359-1-1024x766.jpg\" alt=\"\" class=\"wp-image-9\" style=\"aspect-ratio:1.3368908861115012;width:222px;height:auto\" srcset=\"https:\/\/studio-bonheur.fr\/wp-content\/uploads\/2026\/03\/IMG_8359-1-1024x766.jpg 1024w, https:\/\/studio-bonheur.fr\/wp-content\/uploads\/2026\/03\/IMG_8359-1-300x224.jpg 300w, https:\/\/studio-bonheur.fr\/wp-content\/uploads\/2026\/03\/IMG_8359-1-768x575.jpg 768w, https:\/\/studio-bonheur.fr\/wp-content\/uploads\/2026\/03\/IMG_8359-1-1536x1149.jpg 1536w, https:\/\/studio-bonheur.fr\/wp-content\/uploads\/2026\/03\/IMG_8359-1-2048x1532.jpg 2048w\" sizes=\"auto, (max-width: 1024px) 100vw, 1024px\" \/><\/figure>\n<\/div>\n<\/div>\n\n\n\n<div class=\"wp-block-columns is-layout-flex wp-container-core-columns-is-layout-f0342b05 wp-block-columns-is-layout-flex\" style=\"margin-top:0;margin-bottom:0\">\n<div class=\"wp-block-column is-layout-flow wp-block-column-is-layout-flow\">\n<h4 class=\"wp-block-heading\"><strong>Forfait 3 s\u00e9ances &#8211; 290 \u20ac<\/strong><\/h4>\n\n\n\n<p class=\"is-style-text-annotation is-style-text-annotation--2\">1 s\u00e9ance par mois pendant 3 mois. Pour aller plus loin, \u00e0 ton rythme, avec un vrai fil conducteur.<\/p>\n<\/div>\n\n\n\n<div class=\"wp-block-column is-layout-flow wp-block-column-is-layout-flow\"><\/div>\n<\/div>\n\n\n\n<p><\/p>\n\n\n\n<hr class=\"wp-block-separator has-text-color has-alpha-channel-opacity has-background is-style-dots\" style=\"background-color:#b0cac7;color:#b0cac7\"\/>\n\n\n\n<div class=\"wp-block-buttons is-layout-flex wp-block-buttons-is-layout-flex\">\n<div class=\"wp-block-button\"><a class=\"wp-block-button__link wp-element-button\">Prendre RDV<\/a><\/div>\n<\/div>\n\n\n\n<p><\/p>\n","protected":false},"excerpt":{"rendered":"<p>Coaching Entrepreneuse Tu sais que tu as quelque chose \u00e0 proposer, mais&#8230;.tu n&rsquo;arrives pas \u00e0 le formuler clairement ! Tu sens que tu tournes en rond. Tu te disperses. On pose tout \u00e7a \u00e0 plat ensemble ! Vision \u00b7 Cible \u00b7 Positionnement \u00b7 Message S\u00e9ance D\u00e9couverte &#8211; 130\u20ac 1h pour d\u00e9bloquer un point pr\u00e9cis ou [&hellip;]<\/p>\n","protected":false},"author":1,"featured_media":0,"parent":0,"menu_order":0,"comment_status":"closed","ping_status":"closed","template":"","meta":{"footnotes":""},"class_list":["post-99","page","type-page","status-publish","hentry"],"_links":{"self":[{"href":"https:\/\/studio-bonheur.fr\/index.php?rest_route=\/wp\/v2\/pages\/99","targetHints":{"allow":["GET"]}}],"collection":[{"href":"https:\/\/studio-bonheur.fr\/index.php?rest_route=\/wp\/v2\/pages"}],"about":[{"href":"https:\/\/studio-bonheur.fr\/index.php?rest_route=\/wp\/v2\/types\/page"}],"author":[{"embeddable":true,"href":"https:\/\/studio-bonheur.fr\/index.php?rest_route=\/wp\/v2\/users\/1"}],"replies":[{"embeddable":true,"href":"https:\/\/studio-bonheur.fr\/index.php?rest_route=%2Fwp%2Fv2%2Fcomments&post=99"}],"version-history":[{"count":14,"href":"https:\/\/studio-bonheur.fr\/index.php?rest_route=\/wp\/v2\/pages\/99\/revisions"}],"predecessor-version":[{"id":166,"href":"https:\/\/studio-bonheur.fr\/index.php?rest_route=\/wp\/v2\/pages\/99\/revisions\/166"}],"wp:attachment":[{"href":"https:\/\/studio-bonheur.fr\/index.php?rest_route=%2Fwp%2Fv2%2Fmedia&parent=99"}],"curies":[{"name":"wp","href":"https:\/\/api.w.org\/{rel}","templated":true}]}}