{"id":64,"date":"2026-03-18T14:07:43","date_gmt":"2026-03-18T14:07:43","guid":{"rendered":"https:\/\/studio-bonheur.fr\/?page_id=64"},"modified":"2026-04-02T12:22:40","modified_gmt":"2026-04-02T12:22:40","slug":"accueil-laure-pottier-direction-artistique-coaching","status":"publish","type":"page","link":"https:\/\/studio-bonheur.fr\/","title":{"rendered":"Accueil"},"content":{"rendered":"\n<div class=\"wp-block-columns is-style-default is-layout-flex wp-container-core-columns-is-layout-28f84493 wp-block-columns-is-layout-flex\">\n<div class=\"wp-block-column is-layout-flow wp-block-column-is-layout-flow\">\n<div style=\"height:80px\" aria-hidden=\"true\" class=\"wp-block-spacer\"><\/div>\n\n\n\n<figure class=\"wp-block-image aligncenter size-medium is-resized has-custom-border is-style-rounded\" style=\"margin-top:0;margin-bottom:0\"><img loading=\"lazy\" decoding=\"async\" width=\"290\" height=\"300\" src=\"https:\/\/studio-bonheur.fr\/wp-content\/uploads\/2026\/03\/photo-laure-ovale-290x300.png\" alt=\"\" class=\"wp-image-52\" style=\"border-style:none;border-width:0px;border-top-left-radius:0px;border-top-right-radius:0px;border-bottom-left-radius:0px;border-bottom-right-radius:0px;width:290px;height:auto\" srcset=\"https:\/\/studio-bonheur.fr\/wp-content\/uploads\/2026\/03\/photo-laure-ovale-290x300.png 290w, https:\/\/studio-bonheur.fr\/wp-content\/uploads\/2026\/03\/photo-laure-ovale-991x1024.png 991w, https:\/\/studio-bonheur.fr\/wp-content\/uploads\/2026\/03\/photo-laure-ovale-768x794.png 768w, https:\/\/studio-bonheur.fr\/wp-content\/uploads\/2026\/03\/photo-laure-ovale.png 1347w\" sizes=\"auto, (max-width: 290px) 100vw, 290px\" \/><\/figure>\n<\/div>\n\n\n\n<div class=\"wp-block-column is-layout-flow wp-block-column-is-layout-flow\">\n<figure class=\"wp-block-image aligncenter size-full is-resized\"><img loading=\"lazy\" decoding=\"async\" width=\"667\" height=\"671\" src=\"http:\/\/studio-bonheur.fr\/wp-content\/uploads\/2026\/03\/icone-fleurcoeur.png\" alt=\"\" class=\"wp-image-53\" style=\"aspect-ratio:0.9940482405763809;width:155px;height:auto\" srcset=\"https:\/\/studio-bonheur.fr\/wp-content\/uploads\/2026\/03\/icone-fleurcoeur.png 667w, https:\/\/studio-bonheur.fr\/wp-content\/uploads\/2026\/03\/icone-fleurcoeur-298x300.png 298w, https:\/\/studio-bonheur.fr\/wp-content\/uploads\/2026\/03\/icone-fleurcoeur-150x150.png 150w\" sizes=\"auto, (max-width: 667px) 100vw, 667px\" \/><\/figure>\n\n\n\n<h2 class=\"wp-block-heading has-text-align-center is-style-default\"><mark style=\"background-color:rgba(0, 0, 0, 0)\" class=\"has-inline-color has-custom-color-1-color\">Tes outils de communication <strong><em>align\u00e9s<\/em><\/strong>, justes et color\u00e9s<\/mark><\/h2>\n\n\n\n<p class=\"has-text-align-center has-custom-color-3-color has-text-color has-link-color has-medium-font-size wp-elements-207e1504314847952abb8f4213bd1fea\">Pour les entrepreneuses <em>sensibles<\/em>, <strong><em>ambitieuses<\/em><\/strong><br>qui veulent contribuer \u00e0 un monde <strong><em>respectueux de chacun<\/em><\/strong><br>en commen\u00e7ant par <em>elles-m\u00eames<\/em><\/p>\n<\/div>\n<\/div>\n\n\n\n<div class=\"wp-block-buttons is-content-justification-center is-layout-flex wp-container-core-buttons-is-layout-a89b3969 wp-block-buttons-is-layout-flex\">\n<div class=\"wp-block-button is-style-fill\"><a class=\"wp-block-button__link has-base-color has-custom-color-3-background-color has-text-color has-background has-link-color has-medium-font-size has-custom-font-size wp-element-button\" href=\"https:\/\/cal.eu\/laure-pottier-raj8zi\" style=\"border-style:none;border-width:0px\">R\u00e9server un Appel d\u00e9couverte<\/a><\/div>\n<\/div>\n","protected":false},"excerpt":{"rendered":"<p>Tes outils de communication align\u00e9s, justes et color\u00e9s Pour les entrepreneuses sensibles, ambitieusesqui veulent contribuer \u00e0 un monde respectueux de chacunen commen\u00e7ant par elles-m\u00eames<\/p>\n","protected":false},"author":1,"featured_media":0,"parent":0,"menu_order":0,"comment_status":"closed","ping_status":"closed","template":"","meta":{"footnotes":""},"class_list":["post-64","page","type-page","status-publish","hentry"],"_links":{"self":[{"href":"https:\/\/studio-bonheur.fr\/index.php?rest_route=\/wp\/v2\/pages\/64","targetHints":{"allow":["GET"]}}],"collection":[{"href":"https:\/\/studio-bonheur.fr\/index.php?rest_route=\/wp\/v2\/pages"}],"about":[{"href":"https:\/\/studio-bonheur.fr\/index.php?rest_route=\/wp\/v2\/types\/page"}],"author":[{"embeddable":true,"href":"https:\/\/studio-bonheur.fr\/index.php?rest_route=\/wp\/v2\/users\/1"}],"replies":[{"embeddable":true,"href":"https:\/\/studio-bonheur.fr\/index.php?rest_route=%2Fwp%2Fv2%2Fcomments&post=64"}],"version-history":[{"count":15,"href":"https:\/\/studio-bonheur.fr\/index.php?rest_route=\/wp\/v2\/pages\/64\/revisions"}],"predecessor-version":[{"id":191,"href":"https:\/\/studio-bonheur.fr\/index.php?rest_route=\/wp\/v2\/pages\/64\/revisions\/191"}],"wp:attachment":[{"href":"https:\/\/studio-bonheur.fr\/index.php?rest_route=%2Fwp%2Fv2%2Fmedia&parent=64"}],"curies":[{"name":"wp","href":"https:\/\/api.w.org\/{rel}","templated":true}]}}