{"id":168,"date":"2026-04-01T12:33:01","date_gmt":"2026-04-01T12:33:01","guid":{"rendered":"https:\/\/studio-bonheur.fr\/?page_id=168"},"modified":"2026-04-02T14:55:07","modified_gmt":"2026-04-02T14:55:07","slug":"identite-visuelle","status":"publish","type":"page","link":"https:\/\/studio-bonheur.fr\/?page_id=168","title":{"rendered":"Identit\u00e9 Visuelle"},"content":{"rendered":"\n<h1 class=\"wp-block-heading has-text-align-center\" style=\"margin-top:var(--wp--preset--spacing--40);margin-bottom:var(--wp--preset--spacing--40)\"><strong>Identit\u00e9s visuelles<\/strong><\/h1>\n\n\n\n<p><strong>Une identit\u00e9 visuelle, ce n&rsquo;est pas juste un joli logo. C&rsquo;est ce qui dit, avant m\u00eame que tu aies ouvert la bouche : cette femme est professionnelle, elle sait ce qu&rsquo;elle fait.<\/strong><\/p>\n\n\n\n<p><strong>Selon o\u00f9 tu en es, je te propose plusieurs formules.<\/strong><\/p>\n\n\n\n<hr class=\"wp-block-separator has-alpha-channel-opacity\"\/>\n\n\n\n<div class=\"wp-block-columns is-layout-flex wp-container-core-columns-is-layout-28f84493 wp-block-columns-is-layout-flex\">\n<div class=\"wp-block-column is-layout-flow wp-block-column-is-layout-flow\">\n<h2 class=\"wp-block-heading has-custom-color-3-color has-text-color has-link-color wp-elements-5e2e5c1d41d0b4837ba58806b9a74b2f\" style=\"margin-top:var(--wp--preset--spacing--40);margin-bottom:var(--wp--preset--spacing--40)\"><strong>Charte graphique<\/strong><\/h2>\n\n\n\n<p class=\"is-style-default has-custom-color-1-color has-text-color has-link-color wp-elements-2243f764d3bca974f193a7a521d1cbe4\">La base visuelle de toute ta communication \u2014 pour que tout ce que tu publies soit <strong>coh\u00e9rent<\/strong> et <strong>reconnaissable<\/strong> !<\/p>\n\n\n\n<p class=\"is-style-default has-custom-color-1-color has-text-color has-link-color wp-elements-f892c49726be1213888c86b867321cae\">Ta <strong>palette de couleurs<\/strong>, tes<strong> typographies<\/strong>, ton <strong>moodboard<\/strong>.<\/p>\n\n\n\n<p class=\"is-style-default has-custom-color-1-color has-text-color has-link-color wp-elements-6ec6ab298b89b735911e156d7ee8d341\"><em>3 propositions de palettes, 2 combos de typos, moodboards inclus.<\/em><\/p>\n\n\n\n<p class=\"has-custom-color-1-color has-text-color has-link-color wp-elements-6b7e7e9b757bbcf0c581b65378e299c5\">D\u00e9roul\u00e9 : Rdv en visio 1H pour bien d\u00e9finir tes besoin et tes envies par rapport \u00e0 ta strat\u00e9gie de communication<\/p>\n\n\n\n<p class=\"has-custom-color-1-color has-text-color has-link-color wp-elements-d133936dc092f81adc49ff13c2617436\">D\u00e9lai de r\u00e9alisation : 1 semaine<\/p>\n\n\n\n<h2 class=\"wp-block-heading is-style-default has-custom-color-4-color has-text-color has-link-color wp-elements-796a6d1a1cfd0a9152eb01957bf31134\"><strong>250\u20ac<\/strong><\/h2>\n<\/div>\n\n\n\n<div class=\"wp-block-column is-layout-flow wp-block-column-is-layout-flow\">\n<p><\/p>\n\n\n\n<p class=\"is-style-default has-custom-color-1-color has-text-color has-link-color wp-elements-5badaa8e1e23433559e7e86722dc4772\">Exemple de proposition cliente               (simplifi\u00e9e)<\/p>\n\n\n\n<figure class=\"wp-block-image size-full\"><img loading=\"lazy\" decoding=\"async\" width=\"400\" height=\"400\" src=\"https:\/\/studio-bonheur.fr\/wp-content\/uploads\/2026\/04\/V2-Propositions-Charte-graphique-Celine-Gavard.jpg\" alt=\"\" class=\"wp-image-187\" srcset=\"https:\/\/studio-bonheur.fr\/wp-content\/uploads\/2026\/04\/V2-Propositions-Charte-graphique-Celine-Gavard.jpg 400w, https:\/\/studio-bonheur.fr\/wp-content\/uploads\/2026\/04\/V2-Propositions-Charte-graphique-Celine-Gavard-300x300.jpg 300w, https:\/\/studio-bonheur.fr\/wp-content\/uploads\/2026\/04\/V2-Propositions-Charte-graphique-Celine-Gavard-150x150.jpg 150w\" sizes=\"auto, (max-width: 400px) 100vw, 400px\" \/><\/figure>\n<\/div>\n<\/div>\n\n\n\n<hr class=\"wp-block-separator has-alpha-channel-opacity is-style-default\"\/>\n\n\n\n<h2 class=\"wp-block-heading has-custom-color-3-color has-text-color has-link-color wp-elements-81f420309d9a022c32830c32a3938e87\" style=\"margin-top:var(--wp--preset--spacing--40);margin-bottom:var(--wp--preset--spacing--40)\"><strong>Logo + d\u00e9clinaisons<\/strong><\/h2>\n\n\n\n<p class=\"is-style-default has-custom-color-1-color has-text-color has-link-color wp-elements-85a67ef4ff3510e388affcf9030610f6\"><strong> <\/strong>Un logo qui te ressemble, avec toutes ses d\u00e9clinaisons pour l&rsquo;utiliser partout. <em>2 propositions, 2 allers-retours inclus.<\/em><\/p>\n\n\n\n<h2 class=\"wp-block-heading is-style-default has-custom-color-4-color has-text-color has-link-color wp-elements-924ae902196eee54f5b4e5202e1a005b\"><strong>670\u20ac<\/strong> <\/h2>\n\n\n\n<hr class=\"wp-block-separator has-alpha-channel-opacity\"\/>\n\n\n\n<h2 class=\"wp-block-heading has-custom-color-3-color has-text-color has-link-color wp-elements-4677472eae3976208807785455499ee2\" style=\"margin-top:var(--wp--preset--spacing--40);margin-bottom:var(--wp--preset--spacing--40)\"><strong>Templates Instagram<\/strong><\/h2>\n\n\n\n<p class=\"is-style-default has-custom-color-1-color has-text-color has-link-color wp-elements-15230f3607145431adab04e412696570\"> Des templates Canva pr\u00eats \u00e0 l&#8217;emploi, \u00e0 ton image, que tu utilises en totale autonomie. <em>Template simple \u00e0 90\u20ac \/ Template d\u00e9taill\u00e9 \u00e0 120\u20ac \/ Carrousel \u00e0 170\u20ac<\/em><\/p>\n\n\n\n<h2 class=\"wp-block-heading is-style-default has-custom-color-4-color has-text-color has-link-color wp-elements-eb087ec143c59ae3cbb9f9d989352508\">\u00e0 partir de 120\u20ac<\/h2>\n\n\n\n<hr class=\"wp-block-separator has-alpha-channel-opacity\"\/>\n\n\n\n<h2 class=\"wp-block-heading has-custom-color-3-color has-text-color has-link-color wp-elements-6ea795d25981eebad70bd871230e156d\" style=\"margin-top:var(--wp--preset--spacing--40);margin-bottom:var(--wp--preset--spacing--40)\"><strong>Identit\u00e9 visuelle compl\u00e8te<\/strong><\/h2>\n\n\n\n<p class=\"is-style-default has-custom-color-1-color has-text-color has-link-color wp-elements-21f75d9211ce35d12e9e465fda546b13\">Logo<\/p>\n\n\n\n<p class=\"is-style-default has-custom-color-1-color has-text-color has-link-color wp-elements-2e6817bfd2c95b7e97e8f11e3fb5887d\">+<\/p>\n\n\n\n<p class=\"is-style-default has-custom-color-1-color has-text-color has-link-color wp-elements-31eb95972be3c3a9111ea4b36b5e8b99\">d\u00e9clinaisons<\/p>\n\n\n\n<p class=\"is-style-default has-custom-color-1-color has-text-color has-link-color wp-elements-2e6817bfd2c95b7e97e8f11e3fb5887d\">+<\/p>\n\n\n\n<p class=\"is-style-default has-custom-color-1-color has-text-color has-link-color wp-elements-421a5b0d0a1c1f1f4d0c5a027667ced0\">charte graphique<\/p>\n\n\n\n<p class=\"is-style-default has-custom-color-1-color has-text-color has-link-color wp-elements-2e6817bfd2c95b7e97e8f11e3fb5887d\">+<\/p>\n\n\n\n<p class=\"is-style-default has-custom-color-1-color has-text-color has-link-color wp-elements-04cc6ab432f6c607a53121a37eb89cc3\">ic\u00f4nes<\/p>\n\n\n\n<p class=\"is-style-default has-custom-color-1-color has-text-color has-link-color wp-elements-2e6817bfd2c95b7e97e8f11e3fb5887d\">+<\/p>\n\n\n\n<p class=\"is-style-default has-custom-color-1-color has-text-color has-link-color wp-elements-0939f2d8a27a5a6c7c07cacb00af5aad\">templates Instagram. <\/p>\n\n\n\n<p><\/p>\n\n\n\n<p>Tout ce qu&rsquo;il te faut pour d\u00e9marrer ou te relancer avec une image professionnelle et coh\u00e9rente.<\/p>\n\n\n\n<p><\/p>\n\n\n\n<h2 class=\"wp-block-heading is-style-default has-custom-color-4-color has-text-color has-link-color wp-elements-672b58398c475bf5f5c665fb7b4ace09\"><strong> 1250\u20ac<\/strong> <\/h2>\n","protected":false},"excerpt":{"rendered":"<p>Identit\u00e9s visuelles Une identit\u00e9 visuelle, ce n&rsquo;est pas juste un joli logo. C&rsquo;est ce qui dit, avant m\u00eame que tu aies ouvert la bouche : cette femme est professionnelle, elle sait ce qu&rsquo;elle fait. Selon o\u00f9 tu en es, je te propose plusieurs formules. Charte graphique La base visuelle de toute ta communication \u2014 pour [&hellip;]<\/p>\n","protected":false},"author":1,"featured_media":0,"parent":0,"menu_order":0,"comment_status":"closed","ping_status":"closed","template":"","meta":{"footnotes":""},"class_list":["post-168","page","type-page","status-publish","hentry"],"_links":{"self":[{"href":"https:\/\/studio-bonheur.fr\/index.php?rest_route=\/wp\/v2\/pages\/168","targetHints":{"allow":["GET"]}}],"collection":[{"href":"https:\/\/studio-bonheur.fr\/index.php?rest_route=\/wp\/v2\/pages"}],"about":[{"href":"https:\/\/studio-bonheur.fr\/index.php?rest_route=\/wp\/v2\/types\/page"}],"author":[{"embeddable":true,"href":"https:\/\/studio-bonheur.fr\/index.php?rest_route=\/wp\/v2\/users\/1"}],"replies":[{"embeddable":true,"href":"https:\/\/studio-bonheur.fr\/index.php?rest_route=%2Fwp%2Fv2%2Fcomments&post=168"}],"version-history":[{"count":5,"href":"https:\/\/studio-bonheur.fr\/index.php?rest_route=\/wp\/v2\/pages\/168\/revisions"}],"predecessor-version":[{"id":198,"href":"https:\/\/studio-bonheur.fr\/index.php?rest_route=\/wp\/v2\/pages\/168\/revisions\/198"}],"wp:attachment":[{"href":"https:\/\/studio-bonheur.fr\/index.php?rest_route=%2Fwp%2Fv2%2Fmedia&parent=168"}],"curies":[{"name":"wp","href":"https:\/\/api.w.org\/{rel}","templated":true}]}}